{"id":11341,"date":"2025-09-14T14:17:02","date_gmt":"2025-09-14T12:17:02","guid":{"rendered":"https:\/\/aai.sk\/audio-video-cinema\/"},"modified":"2025-09-14T14:17:10","modified_gmt":"2025-09-14T12:17:10","slug":"audio-video-cinema","status":"publish","type":"page","link":"https:\/\/aai.sk\/en\/audio-video-cinema\/","title":{"rendered":"Audio Video Cinema"},"content":{"rendered":"<div class=\"wpb-content-wrapper\"><p>[vc_row][vc_column][vc_column_text css=&#8221;&#8221;]<img decoding=\"async\" class=\"alignnone size-full wp-image-11337\" src=\"https:\/\/aai.sk\/wp-content\/uploads\/2025\/09\/web-aai-new.png\" alt=\"\" width=\"100%\" srcset=\"https:\/\/aai.sk\/wp-content\/uploads\/2025\/09\/web-aai-new.png 1726w, https:\/\/aai.sk\/wp-content\/uploads\/2025\/09\/web-aai-new-300x123.png 300w, https:\/\/aai.sk\/wp-content\/uploads\/2025\/09\/web-aai-new-1024x419.png 1024w, https:\/\/aai.sk\/wp-content\/uploads\/2025\/09\/web-aai-new-768x314.png 768w, https:\/\/aai.sk\/wp-content\/uploads\/2025\/09\/web-aai-new-1536x628.png 1536w, https:\/\/aai.sk\/wp-content\/uploads\/2025\/09\/web-aai-new-360x147.png 360w, https:\/\/aai.sk\/wp-content\/uploads\/2025\/09\/web-aai-new-600x245.png 600w, https:\/\/aai.sk\/wp-content\/uploads\/2025\/09\/web-aai-new-800x327.png 800w, https:\/\/aai.sk\/wp-content\/uploads\/2025\/09\/web-aai-new-550x225.png 550w\" sizes=\"(max-width: 1726px) 100vw, 1726px\" \/>[\/vc_column_text][\/vc_column][\/vc_row][vc_row][vc_column width=&#8221;1\/3&#8243;][\/vc_column][vc_column width=&#8221;1\/3&#8243;][vc_column_text css=&#8221;&#8221;]<\/p>\n<div class=\"xdj266r x14z9mp xat24cr x1lziwak x1vvkbs x126k92a\">\n<div dir=\"auto\">Poz\u00fdvame v\u00e1s na jedine\u010dn\u00e9 podujatie pln\u00e9 hudby, technol\u00f3gi\u00ed a nezabudnute\u013en\u00fdch z\u00e1\u017eitkov.<\/div>\n<div dir=\"auto\"><span class=\"html-span xexx8yu xyri2b x18d9i69 x1c1uobl x1hl2dhg x16tdsg8 x1vvkbs x3nfvp2 x1j61x8r x1fcty0u xdj266r xat24cr xm2jcoa x1mpyi22 xxymvpz xlup9mm x1kky2od\"><img loading=\"lazy\" decoding=\"async\" class=\"xz74otr x15mokao x1ga7v0g x16uus16 xbiv7yw\" src=\"https:\/\/static.xx.fbcdn.net\/images\/emoji.php\/v9\/t2d\/1\/16\/1f4cd.png\" alt=\"&#x1f4cd;\" width=\"16\" height=\"16\" \/><\/span> Hotel NH Bratislava Gate One<\/div>\n<div dir=\"auto\"><span class=\"html-span xexx8yu xyri2b x18d9i69 x1c1uobl x1hl2dhg x16tdsg8 x1vvkbs x3nfvp2 x1j61x8r x1fcty0u xdj266r xat24cr xm2jcoa x1mpyi22 xxymvpz xlup9mm x1kky2od\"><img loading=\"lazy\" decoding=\"async\" class=\"xz74otr x15mokao x1ga7v0g x16uus16 xbiv7yw\" src=\"https:\/\/static.xx.fbcdn.net\/images\/emoji.php\/v9\/t7e\/1\/16\/1f4c5.png\" alt=\"&#x1f4c5;\" width=\"16\" height=\"16\" \/><\/span> 3.\u20135. okt\u00f3ber 2025<\/div>\n<\/div>\n<div class=\"x14z9mp xat24cr x1lziwak x1vvkbs xtlvy1s x126k92a\">\n<div dir=\"auto\">Pr\u00ed\u010fte si vypo\u010du\u0165, ako znie skuto\u010dne prirodzen\u00fd a detailn\u00fd zvuk.<\/div>\n<div dir=\"auto\">Te\u0161\u00edme sa na v\u00e1s s Authentic Audio Image (AAI)! <span class=\"html-span xexx8yu xyri2b x18d9i69 x1c1uobl x1hl2dhg x16tdsg8 x1vvkbs x3nfvp2 x1j61x8r x1fcty0u xdj266r xat24cr xm2jcoa x1mpyi22 xxymvpz xlup9mm x1kky2od\"><img loading=\"lazy\" decoding=\"async\" class=\"xz74otr x15mokao x1ga7v0g x16uus16 xbiv7yw\" src=\"https:\/\/static.xx.fbcdn.net\/images\/emoji.php\/v9\/t6c\/1\/16\/1f499.png\" alt=\"&#x1f499;\" width=\"16\" height=\"16\" \/><\/span><\/div>\n<div dir=\"auto\">AAI v\u00e1s priv\u00edta v izbe \u010d. 523<\/div>\n<\/div>\n<div class=\"x14z9mp xat24cr x1lziwak x1vvkbs xtlvy1s x126k92a\">\n<div dir=\"auto\"><span class=\"html-span xdj266r x14z9mp xat24cr x1lziwak xexx8yu xyri2b x18d9i69 x1c1uobl x1hl2dhg x16tdsg8 x1vvkbs\"><a class=\"x1i10hfl xjbqb8w x1ejq31n x18oe1m7 x1sy0etr xstzfhl x972fbf x10w94by x1qhh985 x14e42zd x9f619 x1ypdohk xt0psk2 x3ct3a4 xdj266r x14z9mp xat24cr x1lziwak xexx8yu xyri2b x18d9i69 x1c1uobl x16tdsg8 x1hl2dhg xggy1nq x1a2a7pz xkrqix3 x1sur9pj x1fey0fg x1s688f\" tabindex=\"0\" role=\"link\" href=\"https:\/\/www.facebook.com\/hashtag\/ochutnajzvuk?__eep__=6&amp;__cft__[0]=AZWu44-eN8jKWPCkwDUwaWut4qtI5y40iokFgSomm7lEaqpBsPlzkkhXAWJqD36pn4PguXMtShGZ2gO9wmIGo-bLR8TZ5oeKRTZY0Jx4EEl8x6RmwspgopRM8gGTxigdCSkJag6YKSoUjYMHgZvuE5HGyv4v3q6PdpyHURQTUJqyp8P_ZnmFe0xunDPw624b308&amp;__tn__=*NK-R\">#OchutnajZvuk<\/a><\/span> <span class=\"html-span xdj266r x14z9mp xat24cr x1lziwak xexx8yu xyri2b x18d9i69 x1c1uobl x1hl2dhg x16tdsg8 x1vvkbs\"><a class=\"x1i10hfl xjbqb8w x1ejq31n x18oe1m7 x1sy0etr xstzfhl x972fbf x10w94by x1qhh985 x14e42zd x9f619 x1ypdohk xt0psk2 x3ct3a4 xdj266r x14z9mp xat24cr x1lziwak xexx8yu xyri2b x18d9i69 x1c1uobl x16tdsg8 x1hl2dhg xggy1nq x1a2a7pz xkrqix3 x1sur9pj x1fey0fg x1s688f\" tabindex=\"0\" role=\"link\" href=\"https:\/\/www.facebook.com\/hashtag\/aai?__eep__=6&amp;__cft__[0]=AZWu44-eN8jKWPCkwDUwaWut4qtI5y40iokFgSomm7lEaqpBsPlzkkhXAWJqD36pn4PguXMtShGZ2gO9wmIGo-bLR8TZ5oeKRTZY0Jx4EEl8x6RmwspgopRM8gGTxigdCSkJag6YKSoUjYMHgZvuE5HGyv4v3q6PdpyHURQTUJqyp8P_ZnmFe0xunDPw624b308&amp;__tn__=*NK-R\">#AAI<\/a><\/span> <span class=\"html-span xdj266r x14z9mp xat24cr x1lziwak xexx8yu xyri2b x18d9i69 x1c1uobl x1hl2dhg x16tdsg8 x1vvkbs\"><a class=\"x1i10hfl xjbqb8w x1ejq31n x18oe1m7 x1sy0etr xstzfhl x972fbf x10w94by x1qhh985 x14e42zd x9f619 x1ypdohk xt0psk2 x3ct3a4 xdj266r x14z9mp xat24cr x1lziwak xexx8yu xyri2b x18d9i69 x1c1uobl x16tdsg8 x1hl2dhg xggy1nq x1a2a7pz xkrqix3 x1sur9pj x1fey0fg x1s688f\" tabindex=\"0\" role=\"link\" href=\"https:\/\/www.facebook.com\/hashtag\/authenticaudioimage?__eep__=6&amp;__cft__[0]=AZWu44-eN8jKWPCkwDUwaWut4qtI5y40iokFgSomm7lEaqpBsPlzkkhXAWJqD36pn4PguXMtShGZ2gO9wmIGo-bLR8TZ5oeKRTZY0Jx4EEl8x6RmwspgopRM8gGTxigdCSkJag6YKSoUjYMHgZvuE5HGyv4v3q6PdpyHURQTUJqyp8P_ZnmFe0xunDPw624b308&amp;__tn__=*NK-R\">#AuthenticAudioImage<\/a><\/span> <span class=\"html-span xdj266r x14z9mp xat24cr x1lziwak xexx8yu xyri2b x18d9i69 x1c1uobl x1hl2dhg x16tdsg8 x1vvkbs\"><a class=\"x1i10hfl xjbqb8w x1ejq31n x18oe1m7 x1sy0etr xstzfhl x972fbf x10w94by x1qhh985 x14e42zd x9f619 x1ypdohk xt0psk2 x3ct3a4 xdj266r x14z9mp xat24cr x1lziwak xexx8yu xyri2b x18d9i69 x1c1uobl x16tdsg8 x1hl2dhg xggy1nq x1a2a7pz xkrqix3 x1sur9pj x1fey0fg x1s688f\" tabindex=\"0\" role=\"link\" href=\"https:\/\/www.facebook.com\/hashtag\/highendaudio?__eep__=6&amp;__cft__[0]=AZWu44-eN8jKWPCkwDUwaWut4qtI5y40iokFgSomm7lEaqpBsPlzkkhXAWJqD36pn4PguXMtShGZ2gO9wmIGo-bLR8TZ5oeKRTZY0Jx4EEl8x6RmwspgopRM8gGTxigdCSkJag6YKSoUjYMHgZvuE5HGyv4v3q6PdpyHURQTUJqyp8P_ZnmFe0xunDPw624b308&amp;__tn__=*NK-R\">#HighEndAudio<\/a><\/span> <span class=\"html-span xdj266r x14z9mp xat24cr x1lziwak xexx8yu xyri2b x18d9i69 x1c1uobl x1hl2dhg x16tdsg8 x1vvkbs\"><a class=\"x1i10hfl xjbqb8w x1ejq31n x18oe1m7 x1sy0etr xstzfhl x972fbf x10w94by x1qhh985 x14e42zd x9f619 x1ypdohk xt0psk2 x3ct3a4 xdj266r x14z9mp xat24cr x1lziwak xexx8yu xyri2b x18d9i69 x1c1uobl x16tdsg8 x1hl2dhg xggy1nq x1a2a7pz xkrqix3 x1sur9pj x1fey0fg x1s688f\" tabindex=\"0\" role=\"link\" href=\"https:\/\/www.facebook.com\/hashtag\/hifislovakia?__eep__=6&amp;__cft__[0]=AZWu44-eN8jKWPCkwDUwaWut4qtI5y40iokFgSomm7lEaqpBsPlzkkhXAWJqD36pn4PguXMtShGZ2gO9wmIGo-bLR8TZ5oeKRTZY0Jx4EEl8x6RmwspgopRM8gGTxigdCSkJag6YKSoUjYMHgZvuE5HGyv4v3q6PdpyHURQTUJqyp8P_ZnmFe0xunDPw624b308&amp;__tn__=*NK-R\">#HiFiSlovakia<\/a><\/span> <span class=\"html-span xdj266r x14z9mp xat24cr x1lziwak xexx8yu xyri2b x18d9i69 x1c1uobl x1hl2dhg x16tdsg8 x1vvkbs\"><a class=\"x1i10hfl xjbqb8w x1ejq31n x18oe1m7 x1sy0etr xstzfhl x972fbf x10w94by x1qhh985 x14e42zd x9f619 x1ypdohk xt0psk2 x3ct3a4 xdj266r x14z9mp xat24cr x1lziwak xexx8yu xyri2b x18d9i69 x1c1uobl x16tdsg8 x1hl2dhg xggy1nq x1a2a7pz xkrqix3 x1sur9pj x1fey0fg x1s688f\" tabindex=\"0\" role=\"link\" href=\"https:\/\/www.facebook.com\/hashtag\/audioshow?__eep__=6&amp;__cft__[0]=AZWu44-eN8jKWPCkwDUwaWut4qtI5y40iokFgSomm7lEaqpBsPlzkkhXAWJqD36pn4PguXMtShGZ2gO9wmIGo-bLR8TZ5oeKRTZY0Jx4EEl8x6RmwspgopRM8gGTxigdCSkJag6YKSoUjYMHgZvuE5HGyv4v3q6PdpyHURQTUJqyp8P_ZnmFe0xunDPw624b308&amp;__tn__=*NK-R\">#AudioShow<\/a><\/span><\/div>\n<\/div>\n<div class=\"x14z9mp xat24cr x1lziwak x1vvkbs xtlvy1s x126k92a\">\n<div dir=\"auto\"><span class=\"html-span xexx8yu xyri2b x18d9i69 x1c1uobl x1hl2dhg x16tdsg8 x1vvkbs x3nfvp2 x1j61x8r x1fcty0u xdj266r xat24cr xm2jcoa x1mpyi22 xxymvpz xlup9mm x1kky2od\"><img loading=\"lazy\" decoding=\"async\" class=\"xz74otr x15mokao x1ga7v0g x16uus16 xbiv7yw\" src=\"https:\/\/static.xx.fbcdn.net\/images\/emoji.php\/v9\/t1f\/1\/16\/1f3b6.png\" alt=\"&#x1f3b6;\" width=\"16\" height=\"16\" \/><\/span> Taste the Sound 2025<\/div>\n<div dir=\"auto\">We invite you to a unique event full of music, technology, and unforgettable experiences.<\/div>\n<div dir=\"auto\"><span class=\"html-span xexx8yu xyri2b x18d9i69 x1c1uobl x1hl2dhg x16tdsg8 x1vvkbs x3nfvp2 x1j61x8r x1fcty0u xdj266r xat24cr xm2jcoa x1mpyi22 xxymvpz xlup9mm x1kky2od\"><img loading=\"lazy\" decoding=\"async\" class=\"xz74otr x15mokao x1ga7v0g x16uus16 xbiv7yw\" src=\"https:\/\/static.xx.fbcdn.net\/images\/emoji.php\/v9\/t2d\/1\/16\/1f4cd.png\" alt=\"&#x1f4cd;\" width=\"16\" height=\"16\" \/><\/span> Hotel NH Bratislava Gate One<\/div>\n<div dir=\"auto\"><span class=\"html-span xexx8yu xyri2b x18d9i69 x1c1uobl x1hl2dhg x16tdsg8 x1vvkbs x3nfvp2 x1j61x8r x1fcty0u xdj266r xat24cr xm2jcoa x1mpyi22 xxymvpz xlup9mm x1kky2od\"><img loading=\"lazy\" decoding=\"async\" class=\"xz74otr x15mokao x1ga7v0g x16uus16 xbiv7yw\" src=\"https:\/\/static.xx.fbcdn.net\/images\/emoji.php\/v9\/t7e\/1\/16\/1f4c5.png\" alt=\"&#x1f4c5;\" width=\"16\" height=\"16\" \/><\/span> October 3\u20135, 2025<\/div>\n<\/div>\n<div class=\"x14z9mp xat24cr x1lziwak x1vvkbs xtlvy1s x126k92a\">\n<div dir=\"auto\">Come and discover the pure, natural, and detailed sound with Authentic Audio Image (AAI). <span class=\"html-span xexx8yu xyri2b x18d9i69 x1c1uobl x1hl2dhg x16tdsg8 x1vvkbs x3nfvp2 x1j61x8r x1fcty0u xdj266r xat24cr xm2jcoa x1mpyi22 xxymvpz xlup9mm x1kky2od\"><img loading=\"lazy\" decoding=\"async\" class=\"xz74otr x15mokao x1ga7v0g x16uus16 xbiv7yw\" src=\"https:\/\/static.xx.fbcdn.net\/images\/emoji.php\/v9\/t6c\/1\/16\/1f499.png\" alt=\"&#x1f499;\" width=\"16\" height=\"16\" \/><\/span><\/div>\n<div dir=\"auto\">Visit AAI in room 523<\/div>\n<\/div>\n<div class=\"x14z9mp xat24cr x1lziwak x1vvkbs xtlvy1s x126k92a\">\n<div dir=\"auto\"><span class=\"html-span xdj266r x14z9mp xat24cr x1lziwak xexx8yu xyri2b x18d9i69 x1c1uobl x1hl2dhg x16tdsg8 x1vvkbs\"><a class=\"x1i10hfl xjbqb8w x1ejq31n x18oe1m7 x1sy0etr xstzfhl x972fbf x10w94by x1qhh985 x14e42zd x9f619 x1ypdohk xt0psk2 x3ct3a4 xdj266r x14z9mp xat24cr x1lziwak xexx8yu xyri2b x18d9i69 x1c1uobl x16tdsg8 x1hl2dhg xggy1nq x1a2a7pz xkrqix3 x1sur9pj x1fey0fg x1s688f\" tabindex=\"0\" role=\"link\" href=\"https:\/\/www.facebook.com\/hashtag\/tastethesound?__eep__=6&amp;__cft__[0]=AZWu44-eN8jKWPCkwDUwaWut4qtI5y40iokFgSomm7lEaqpBsPlzkkhXAWJqD36pn4PguXMtShGZ2gO9wmIGo-bLR8TZ5oeKRTZY0Jx4EEl8x6RmwspgopRM8gGTxigdCSkJag6YKSoUjYMHgZvuE5HGyv4v3q6PdpyHURQTUJqyp8P_ZnmFe0xunDPw624b308&amp;__tn__=*NK-R\">#TasteTheSound<\/a><\/span> <span class=\"html-span xdj266r x14z9mp xat24cr x1lziwak xexx8yu xyri2b x18d9i69 x1c1uobl x1hl2dhg x16tdsg8 x1vvkbs\"><a class=\"x1i10hfl xjbqb8w x1ejq31n x18oe1m7 x1sy0etr xstzfhl x972fbf x10w94by x1qhh985 x14e42zd x9f619 x1ypdohk xt0psk2 x3ct3a4 xdj266r x14z9mp xat24cr x1lziwak xexx8yu xyri2b x18d9i69 x1c1uobl x16tdsg8 x1hl2dhg xggy1nq x1a2a7pz xkrqix3 x1sur9pj x1fey0fg x1s688f\" tabindex=\"0\" role=\"link\" href=\"https:\/\/www.facebook.com\/hashtag\/aai?__eep__=6&amp;__cft__[0]=AZWu44-eN8jKWPCkwDUwaWut4qtI5y40iokFgSomm7lEaqpBsPlzkkhXAWJqD36pn4PguXMtShGZ2gO9wmIGo-bLR8TZ5oeKRTZY0Jx4EEl8x6RmwspgopRM8gGTxigdCSkJag6YKSoUjYMHgZvuE5HGyv4v3q6PdpyHURQTUJqyp8P_ZnmFe0xunDPw624b308&amp;__tn__=*NK-R\">#AAI<\/a><\/span> <span class=\"html-span xdj266r x14z9mp xat24cr x1lziwak xexx8yu xyri2b x18d9i69 x1c1uobl x1hl2dhg x16tdsg8 x1vvkbs\"><a class=\"x1i10hfl xjbqb8w x1ejq31n x18oe1m7 x1sy0etr xstzfhl x972fbf x10w94by x1qhh985 x14e42zd x9f619 x1ypdohk xt0psk2 x3ct3a4 xdj266r x14z9mp xat24cr x1lziwak xexx8yu xyri2b x18d9i69 x1c1uobl x16tdsg8 x1hl2dhg xggy1nq x1a2a7pz xkrqix3 x1sur9pj x1fey0fg x1s688f\" tabindex=\"0\" role=\"link\" href=\"https:\/\/www.facebook.com\/hashtag\/authenticaudioimage?__eep__=6&amp;__cft__[0]=AZWu44-eN8jKWPCkwDUwaWut4qtI5y40iokFgSomm7lEaqpBsPlzkkhXAWJqD36pn4PguXMtShGZ2gO9wmIGo-bLR8TZ5oeKRTZY0Jx4EEl8x6RmwspgopRM8gGTxigdCSkJag6YKSoUjYMHgZvuE5HGyv4v3q6PdpyHURQTUJqyp8P_ZnmFe0xunDPw624b308&amp;__tn__=*NK-R\">#AuthenticAudioImage<\/a><\/span> <span class=\"html-span xdj266r x14z9mp xat24cr x1lziwak xexx8yu xyri2b x18d9i69 x1c1uobl x1hl2dhg x16tdsg8 x1vvkbs\"><a class=\"x1i10hfl xjbqb8w x1ejq31n x18oe1m7 x1sy0etr xstzfhl x972fbf x10w94by x1qhh985 x14e42zd x9f619 x1ypdohk xt0psk2 x3ct3a4 xdj266r x14z9mp xat24cr x1lziwak xexx8yu xyri2b x18d9i69 x1c1uobl x16tdsg8 x1hl2dhg xggy1nq x1a2a7pz xkrqix3 x1sur9pj x1fey0fg x1s688f\" tabindex=\"0\" role=\"link\" href=\"https:\/\/www.facebook.com\/hashtag\/highendaudio?__eep__=6&amp;__cft__[0]=AZWu44-eN8jKWPCkwDUwaWut4qtI5y40iokFgSomm7lEaqpBsPlzkkhXAWJqD36pn4PguXMtShGZ2gO9wmIGo-bLR8TZ5oeKRTZY0Jx4EEl8x6RmwspgopRM8gGTxigdCSkJag6YKSoUjYMHgZvuE5HGyv4v3q6PdpyHURQTUJqyp8P_ZnmFe0xunDPw624b308&amp;__tn__=*NK-R\">#HighEndAudio<\/a><\/span> <span class=\"html-span xdj266r x14z9mp xat24cr x1lziwak xexx8yu xyri2b x18d9i69 x1c1uobl x1hl2dhg x16tdsg8 x1vvkbs\"><a class=\"x1i10hfl xjbqb8w x1ejq31n x18oe1m7 x1sy0etr xstzfhl x972fbf x10w94by x1qhh985 x14e42zd x9f619 x1ypdohk xt0psk2 x3ct3a4 xdj266r x14z9mp xat24cr x1lziwak xexx8yu xyri2b x18d9i69 x1c1uobl x16tdsg8 x1hl2dhg xggy1nq x1a2a7pz xkrqix3 x1sur9pj x1fey0fg x1s688f\" tabindex=\"0\" role=\"link\" href=\"https:\/\/www.facebook.com\/hashtag\/hifi?__eep__=6&amp;__cft__[0]=AZWu44-eN8jKWPCkwDUwaWut4qtI5y40iokFgSomm7lEaqpBsPlzkkhXAWJqD36pn4PguXMtShGZ2gO9wmIGo-bLR8TZ5oeKRTZY0Jx4EEl8x6RmwspgopRM8gGTxigdCSkJag6YKSoUjYMHgZvuE5HGyv4v3q6PdpyHURQTUJqyp8P_ZnmFe0xunDPw624b308&amp;__tn__=*NK-R\">#HiFi<\/a><\/span> <span class=\"html-span xdj266r x14z9mp xat24cr x1lziwak xexx8yu xyri2b x18d9i69 x1c1uobl x1hl2dhg x16tdsg8 x1vvkbs\"><a class=\"x1i10hfl xjbqb8w x1ejq31n x18oe1m7 x1sy0etr xstzfhl x972fbf x10w94by x1qhh985 x14e42zd x9f619 x1ypdohk xt0psk2 x3ct3a4 xdj266r x14z9mp xat24cr x1lziwak xexx8yu xyri2b x18d9i69 x1c1uobl x16tdsg8 x1hl2dhg xggy1nq x1a2a7pz xkrqix3 x1sur9pj x1fey0fg x1s688f\" tabindex=\"0\" role=\"link\" href=\"https:\/\/www.facebook.com\/hashtag\/audioshow?__eep__=6&amp;__cft__[0]=AZWu44-eN8jKWPCkwDUwaWut4qtI5y40iokFgSomm7lEaqpBsPlzkkhXAWJqD36pn4PguXMtShGZ2gO9wmIGo-bLR8TZ5oeKRTZY0Jx4EEl8x6RmwspgopRM8gGTxigdCSkJag6YKSoUjYMHgZvuE5HGyv4v3q6PdpyHURQTUJqyp8P_ZnmFe0xunDPw624b308&amp;__tn__=*NK-R\">#AudioShow<\/a><\/span><\/div>\n<\/div>\n<p>[\/vc_column_text][\/vc_column][vc_column width=&#8221;1\/3&#8243;][\/vc_column][\/vc_row]<\/p>\n<\/div>","protected":false},"excerpt":{"rendered":"<p>[vc_row][vc_column][vc_column_text css=&#8221;&#8221;][\/vc_column_text][\/vc_column][\/vc_row][vc_row][vc_column width=&#8221;1\/3&#8243;][\/vc_column][vc_column width=&#8221;1\/3&#8243;][vc_column_text css=&#8221;&#8221;] Poz\u00fdvame v\u00e1s na jedine\u010dn\u00e9 podujatie pln\u00e9 hudby, technol\u00f3gi\u00ed a nezabudnute\u013en\u00fdch z\u00e1\u017eitkov. Hotel NH Bratislava Gate One 3.\u20135. okt\u00f3ber 2025 Pr\u00ed\u010fte si vypo\u010du\u0165, ako znie skuto\u010dne prirodzen\u00fd a detailn\u00fd zvuk. Te\u0161\u00edme sa na v\u00e1s s Authentic Audio Image (AAI)! AAI v\u00e1s priv\u00edta v izbe \u010d. 523 #OchutnajZvuk #AAI #AuthenticAudioImage #HighEndAudio #HiFiSlovakia #AudioShow Taste the Sound 2025 We invite you to a unique event full of music, technology, and unforgettable experiences. Hotel NH Bratislava Gate One October 3\u20135, 2025 Come and discover the pure, natural, and detailed sound with Authentic Audio Image (AAI). Visit AAI in room [&hellip;]<\/p>\n","protected":false},"author":1,"featured_media":0,"parent":0,"menu_order":0,"comment_status":"closed","ping_status":"closed","template":"page-templates\/full-width.php","meta":{"footnotes":""},"class_list":["post-11341","page","type-page","status-publish","hentry"],"yoast_head":"<!-- This site is optimized with the Yoast SEO plugin v25.5 - https:\/\/yoast.com\/wordpress\/plugins\/seo\/ -->\n<title>Audio Video Cinema - AAI<\/title>\n<meta name=\"description\" content=\"Do you know why even a seemingly passive cable affects the sound? Learn about IST - the game-changing technology in audio engineering.\" \/>\n<meta name=\"robots\" content=\"index, follow, max-snippet:-1, max-image-preview:large, max-video-preview:-1\" \/>\n<link rel=\"canonical\" href=\"https:\/\/aai.sk\/en\/audio-video-cinema\/\" \/>\n<meta property=\"og:locale\" content=\"en_US\" \/>\n<meta property=\"og:type\" content=\"article\" \/>\n<meta property=\"og:title\" content=\"IST - Interference suppression technology\" \/>\n<meta property=\"og:description\" content=\"Do you know why even a seemingly passive cable affects the sound? Learn about IST - the game-changing technology in audio engineering.\" \/>\n<meta property=\"og:url\" content=\"https:\/\/aai.sk\/en\/audio-video-cinema\/\" \/>\n<meta property=\"og:site_name\" content=\"AAI\" \/>\n<meta property=\"article:publisher\" content=\"https:\/\/www.facebook.com\/AuthenticAudioImage\" \/>\n<meta property=\"article:modified_time\" content=\"2025-09-14T12:17:10+00:00\" \/>\n<meta property=\"og:image\" content=\"https:\/\/aai.sk\/wp-content\/uploads\/2025\/07\/ist.png\" \/>\n<meta name=\"twitter:card\" content=\"summary_large_image\" \/>\n<meta name=\"twitter:label1\" content=\"Est. reading time\" \/>\n\t<meta name=\"twitter:data1\" content=\"1 minute\" \/>\n<script type=\"application\/ld+json\" class=\"yoast-schema-graph\">{\"@context\":\"https:\/\/schema.org\",\"@graph\":[{\"@type\":\"WebPage\",\"@id\":\"https:\/\/aai.sk\/en\/audio-video-cinema\/\",\"url\":\"https:\/\/aai.sk\/en\/audio-video-cinema\/\",\"name\":\"Audio Video Cinema - AAI\",\"isPartOf\":{\"@id\":\"https:\/\/aai.sk\/en\/#website\"},\"primaryImageOfPage\":{\"@id\":\"https:\/\/aai.sk\/en\/audio-video-cinema\/#primaryimage\"},\"image\":{\"@id\":\"https:\/\/aai.sk\/en\/audio-video-cinema\/#primaryimage\"},\"thumbnailUrl\":\"https:\/\/aai.sk\/wp-content\/uploads\/2025\/09\/web-aai-new.png\",\"datePublished\":\"2025-09-14T12:17:02+00:00\",\"dateModified\":\"2025-09-14T12:17:10+00:00\",\"description\":\"Do you know why even a seemingly passive cable affects the sound? Learn about IST - the game-changing technology in audio engineering.\",\"breadcrumb\":{\"@id\":\"https:\/\/aai.sk\/en\/audio-video-cinema\/#breadcrumb\"},\"inLanguage\":\"en-US\",\"potentialAction\":[{\"@type\":\"ReadAction\",\"target\":[\"https:\/\/aai.sk\/en\/audio-video-cinema\/\"]}]},{\"@type\":\"ImageObject\",\"inLanguage\":\"en-US\",\"@id\":\"https:\/\/aai.sk\/en\/audio-video-cinema\/#primaryimage\",\"url\":\"https:\/\/aai.sk\/wp-content\/uploads\/2025\/09\/web-aai-new.png\",\"contentUrl\":\"https:\/\/aai.sk\/wp-content\/uploads\/2025\/09\/web-aai-new.png\"},{\"@type\":\"BreadcrumbList\",\"@id\":\"https:\/\/aai.sk\/en\/audio-video-cinema\/#breadcrumb\",\"itemListElement\":[{\"@type\":\"ListItem\",\"position\":1,\"name\":\"Domovsk\u00e1 str\u00e1nka\",\"item\":\"https:\/\/aai.sk\/en\/\"},{\"@type\":\"ListItem\",\"position\":2,\"name\":\"Audio Video Cinema\"}]},{\"@type\":\"WebSite\",\"@id\":\"https:\/\/aai.sk\/en\/#website\",\"url\":\"https:\/\/aai.sk\/en\/\",\"name\":\"AAI\",\"description\":\"\",\"publisher\":{\"@id\":\"https:\/\/aai.sk\/en\/#organization\"},\"potentialAction\":[{\"@type\":\"SearchAction\",\"target\":{\"@type\":\"EntryPoint\",\"urlTemplate\":\"https:\/\/aai.sk\/en\/?s={search_term_string}\"},\"query-input\":{\"@type\":\"PropertyValueSpecification\",\"valueRequired\":true,\"valueName\":\"search_term_string\"}}],\"inLanguage\":\"en-US\"},{\"@type\":\"Organization\",\"@id\":\"https:\/\/aai.sk\/en\/#organization\",\"name\":\"AAI\",\"url\":\"https:\/\/aai.sk\/en\/\",\"logo\":{\"@type\":\"ImageObject\",\"inLanguage\":\"en-US\",\"@id\":\"https:\/\/aai.sk\/en\/#\/schema\/logo\/image\/\",\"url\":\"https:\/\/aai.sk\/wp-content\/uploads\/2019\/06\/logoblack.png\",\"contentUrl\":\"https:\/\/aai.sk\/wp-content\/uploads\/2019\/06\/logoblack.png\",\"width\":1820,\"height\":294,\"caption\":\"AAI\"},\"image\":{\"@id\":\"https:\/\/aai.sk\/en\/#\/schema\/logo\/image\/\"},\"sameAs\":[\"https:\/\/www.facebook.com\/AuthenticAudioImage\",\"https:\/\/www.instagram.com\/authentic.audio.image\/\"]}]}<\/script>\n<!-- \/ Yoast SEO plugin. -->","yoast_head_json":{"title":"Audio Video Cinema - AAI","description":"Do you know why even a seemingly passive cable affects the sound? Learn about IST - the game-changing technology in audio engineering.","robots":{"index":"index","follow":"follow","max-snippet":"max-snippet:-1","max-image-preview":"max-image-preview:large","max-video-preview":"max-video-preview:-1"},"canonical":"https:\/\/aai.sk\/en\/audio-video-cinema\/","og_locale":"en_US","og_type":"article","og_title":"IST - Interference suppression technology","og_description":"Do you know why even a seemingly passive cable affects the sound? Learn about IST - the game-changing technology in audio engineering.","og_url":"https:\/\/aai.sk\/en\/audio-video-cinema\/","og_site_name":"AAI","article_publisher":"https:\/\/www.facebook.com\/AuthenticAudioImage","article_modified_time":"2025-09-14T12:17:10+00:00","og_image":[{"url":"https:\/\/aai.sk\/wp-content\/uploads\/2025\/07\/ist.png","type":"","width":"","height":""}],"twitter_card":"summary_large_image","twitter_misc":{"Est. reading time":"1 minute"},"schema":{"@context":"https:\/\/schema.org","@graph":[{"@type":"WebPage","@id":"https:\/\/aai.sk\/en\/audio-video-cinema\/","url":"https:\/\/aai.sk\/en\/audio-video-cinema\/","name":"Audio Video Cinema - AAI","isPartOf":{"@id":"https:\/\/aai.sk\/en\/#website"},"primaryImageOfPage":{"@id":"https:\/\/aai.sk\/en\/audio-video-cinema\/#primaryimage"},"image":{"@id":"https:\/\/aai.sk\/en\/audio-video-cinema\/#primaryimage"},"thumbnailUrl":"https:\/\/aai.sk\/wp-content\/uploads\/2025\/09\/web-aai-new.png","datePublished":"2025-09-14T12:17:02+00:00","dateModified":"2025-09-14T12:17:10+00:00","description":"Do you know why even a seemingly passive cable affects the sound? Learn about IST - the game-changing technology in audio engineering.","breadcrumb":{"@id":"https:\/\/aai.sk\/en\/audio-video-cinema\/#breadcrumb"},"inLanguage":"en-US","potentialAction":[{"@type":"ReadAction","target":["https:\/\/aai.sk\/en\/audio-video-cinema\/"]}]},{"@type":"ImageObject","inLanguage":"en-US","@id":"https:\/\/aai.sk\/en\/audio-video-cinema\/#primaryimage","url":"https:\/\/aai.sk\/wp-content\/uploads\/2025\/09\/web-aai-new.png","contentUrl":"https:\/\/aai.sk\/wp-content\/uploads\/2025\/09\/web-aai-new.png"},{"@type":"BreadcrumbList","@id":"https:\/\/aai.sk\/en\/audio-video-cinema\/#breadcrumb","itemListElement":[{"@type":"ListItem","position":1,"name":"Domovsk\u00e1 str\u00e1nka","item":"https:\/\/aai.sk\/en\/"},{"@type":"ListItem","position":2,"name":"Audio Video Cinema"}]},{"@type":"WebSite","@id":"https:\/\/aai.sk\/en\/#website","url":"https:\/\/aai.sk\/en\/","name":"AAI","description":"","publisher":{"@id":"https:\/\/aai.sk\/en\/#organization"},"potentialAction":[{"@type":"SearchAction","target":{"@type":"EntryPoint","urlTemplate":"https:\/\/aai.sk\/en\/?s={search_term_string}"},"query-input":{"@type":"PropertyValueSpecification","valueRequired":true,"valueName":"search_term_string"}}],"inLanguage":"en-US"},{"@type":"Organization","@id":"https:\/\/aai.sk\/en\/#organization","name":"AAI","url":"https:\/\/aai.sk\/en\/","logo":{"@type":"ImageObject","inLanguage":"en-US","@id":"https:\/\/aai.sk\/en\/#\/schema\/logo\/image\/","url":"https:\/\/aai.sk\/wp-content\/uploads\/2019\/06\/logoblack.png","contentUrl":"https:\/\/aai.sk\/wp-content\/uploads\/2019\/06\/logoblack.png","width":1820,"height":294,"caption":"AAI"},"image":{"@id":"https:\/\/aai.sk\/en\/#\/schema\/logo\/image\/"},"sameAs":["https:\/\/www.facebook.com\/AuthenticAudioImage","https:\/\/www.instagram.com\/authentic.audio.image\/"]}]}},"_links":{"self":[{"href":"https:\/\/aai.sk\/en\/wp-json\/wp\/v2\/pages\/11341","targetHints":{"allow":["GET"]}}],"collection":[{"href":"https:\/\/aai.sk\/en\/wp-json\/wp\/v2\/pages"}],"about":[{"href":"https:\/\/aai.sk\/en\/wp-json\/wp\/v2\/types\/page"}],"author":[{"embeddable":true,"href":"https:\/\/aai.sk\/en\/wp-json\/wp\/v2\/users\/1"}],"replies":[{"embeddable":true,"href":"https:\/\/aai.sk\/en\/wp-json\/wp\/v2\/comments?post=11341"}],"version-history":[{"count":2,"href":"https:\/\/aai.sk\/en\/wp-json\/wp\/v2\/pages\/11341\/revisions"}],"predecessor-version":[{"id":11344,"href":"https:\/\/aai.sk\/en\/wp-json\/wp\/v2\/pages\/11341\/revisions\/11344"}],"wp:attachment":[{"href":"https:\/\/aai.sk\/en\/wp-json\/wp\/v2\/media?parent=11341"}],"curies":[{"name":"wp","href":"https:\/\/api.w.org\/{rel}","templated":true}]}}