{"id":10948,"date":"2024-09-15T16:12:28","date_gmt":"2024-09-15T14:12:28","guid":{"rendered":"https:\/\/aai.sk\/reviews\/"},"modified":"2025-08-11T10:39:19","modified_gmt":"2025-08-11T08:39:19","slug":"reviews","status":"publish","type":"page","link":"https:\/\/aai.sk\/en\/reviews\/","title":{"rendered":"Reviews"},"content":{"rendered":"<div class=\"wpb-content-wrapper\"><p>[vc_row][vc_column]<div class=\"es-resp\">\t<div class=\"visible-xl\" style=\"height: 56px;\"><\/div>\t<div class=\"hidden-xl hidden-md hidden-sm hidden-ms hidden-xs\" style=\"height: 56px;\"><\/div>\t<div class=\"visible-md\" style=\"height: 56px;\"><\/div>\t<div class=\"visible-sm \" style=\"height: 56px;\"><\/div>\t<div class=\"visible-ms\" style=\"height: 56px;\"><\/div>\t<div class=\"visible-xs\" style=\"height: 56px;\"><\/div><\/div><div class=\"es-resp\">\t<div class=\"visible-xl\" style=\"height: 8px;\"><\/div>\t<div class=\"hidden-xl hidden-md hidden-sm hidden-ms hidden-xs\" style=\"height: 8px;\"><\/div>\t<div class=\"visible-md\" style=\"height: 8px;\"><\/div>\t<div class=\"visible-sm \" style=\"height: 8px;\"><\/div>\t<div class=\"visible-ms\" style=\"height: 8px;\"><\/div>\t<div class=\"visible-xs\" style=\"height: 8px;\"><\/div><\/div><div class=\"services-sc services-slider layout-product ltx-style-gray\"  id=\"like_sc_services_1562189662\" data-cols=\"3\" data-autoplay=\"0\"><div class=\"swiper-container\"><div class=\"swiper-wrapper\">\t\t\t\t<article class=\"swiper-slide\">\r\n\r\n\t\t\t\t\t<div class=\"ltx-inner\">\r\n\t\t\t\t\t\t<a href=\"https:\/\/aai.sk\/en\/services\/audiodrome-estremo-power\/\" class=\"photo\"><img loading=\"lazy\" decoding=\"async\" width=\"600\" height=\"304\" src=\"https:\/\/aai.sk\/wp-content\/uploads\/2019\/06\/AudioDroml_logo.png\" class=\"attachment-recond-service size-recond-service wp-post-image\" alt=\"\" srcset=\"https:\/\/aai.sk\/wp-content\/uploads\/2019\/06\/AudioDroml_logo.png 600w, https:\/\/aai.sk\/wp-content\/uploads\/2019\/06\/AudioDroml_logo-300x152.png 300w, https:\/\/aai.sk\/wp-content\/uploads\/2019\/06\/AudioDroml_logo-360x182.png 360w, https:\/\/aai.sk\/wp-content\/uploads\/2019\/06\/AudioDroml_logo-550x279.png 550w\" sizes=\"auto, (max-width: 600px) 100vw, 600px\" \/><span class=\"ltx-plus\"><\/span><\/a>\t\t\t\t\t    <div class=\"description\">\r\n\t\t\t\t\t        <a href=\"https:\/\/aai.sk\/en\/services\/audiodrome-estremo-power\/\" class=\"header\">\r\n\t\t\t\t\t        \t<h5 class=\"header\">Audiodrome (Estremo Power Cables)<\/h5>\r\n\t\t\t\t\t        <\/a>\r\n\t\t\t\t        \t<p>\r\n\t\t\t\t        \t\t\t\t\t\t        \t<\/p>\r\n\t\t\t\t\t        <a href=\"https:\/\/aai.sk\/en\/services\/audiodrome-estremo-power\/\" class=\"btn btn-xs\">\u010c\u00edta\u0165 viac<\/a>\t\t\t\t\t    <\/div>    \r\n\t\t\t\t\t<\/div>\r\n\t\t\t\t<\/article>\t\r\n\t\t\t\t\t\t\t\t<article class=\"swiper-slide\">\r\n\r\n\t\t\t\t\t<div class=\"ltx-inner\">\r\n\t\t\t\t\t\t<a href=\"https:\/\/aai.sk\/en\/services\/audiodrome-power-cables\/\" class=\"photo\"><img loading=\"lazy\" decoding=\"async\" width=\"600\" height=\"304\" src=\"https:\/\/aai.sk\/wp-content\/uploads\/2019\/06\/AudioDroml_logo.png\" class=\"attachment-recond-service size-recond-service wp-post-image\" alt=\"\" srcset=\"https:\/\/aai.sk\/wp-content\/uploads\/2019\/06\/AudioDroml_logo.png 600w, https:\/\/aai.sk\/wp-content\/uploads\/2019\/06\/AudioDroml_logo-300x152.png 300w, https:\/\/aai.sk\/wp-content\/uploads\/2019\/06\/AudioDroml_logo-360x182.png 360w, https:\/\/aai.sk\/wp-content\/uploads\/2019\/06\/AudioDroml_logo-550x279.png 550w\" sizes=\"auto, (max-width: 600px) 100vw, 600px\" \/><span class=\"ltx-plus\"><\/span><\/a>\t\t\t\t\t    <div class=\"description\">\r\n\t\t\t\t\t        <a href=\"https:\/\/aai.sk\/en\/services\/audiodrome-power-cables\/\" class=\"header\">\r\n\t\t\t\t\t        \t<h5 class=\"header\">Audiodrome (Maestoso Power Cables)<\/h5>\r\n\t\t\t\t\t        <\/a>\r\n\t\t\t\t        \t<p>\r\n\t\t\t\t        \t\t\t\t\t\t        \t<\/p>\r\n\t\t\t\t\t        <a href=\"https:\/\/aai.sk\/en\/services\/audiodrome-power-cables\/\" class=\"btn btn-xs\">\u010c\u00edta\u0165 viac<\/a>\t\t\t\t\t    <\/div>    \r\n\t\t\t\t\t<\/div>\r\n\t\t\t\t<\/article>\t\r\n\t\t\t\t\t\t\t\t<article class=\"swiper-slide\">\r\n\r\n\t\t\t\t\t<div class=\"ltx-inner\">\r\n\t\t\t\t\t\t<a href=\"https:\/\/aai.sk\/en\/services\/audiodrome-pads\/\" class=\"photo\"><img loading=\"lazy\" decoding=\"async\" width=\"600\" height=\"304\" src=\"https:\/\/aai.sk\/wp-content\/uploads\/2019\/06\/AudioDroml_logo.png\" class=\"attachment-recond-service size-recond-service wp-post-image\" alt=\"\" srcset=\"https:\/\/aai.sk\/wp-content\/uploads\/2019\/06\/AudioDroml_logo.png 600w, https:\/\/aai.sk\/wp-content\/uploads\/2019\/06\/AudioDroml_logo-300x152.png 300w, https:\/\/aai.sk\/wp-content\/uploads\/2019\/06\/AudioDroml_logo-360x182.png 360w, https:\/\/aai.sk\/wp-content\/uploads\/2019\/06\/AudioDroml_logo-550x279.png 550w\" sizes=\"auto, (max-width: 600px) 100vw, 600px\" \/><span class=\"ltx-plus\"><\/span><\/a>\t\t\t\t\t    <div class=\"description\">\r\n\t\t\t\t\t        <a href=\"https:\/\/aai.sk\/en\/services\/audiodrome-pads\/\" class=\"header\">\r\n\t\t\t\t\t        \t<h5 class=\"header\">Audiodrome (Pads)<\/h5>\r\n\t\t\t\t\t        <\/a>\r\n\t\t\t\t        \t<p>\r\n\t\t\t\t        \t\t\t\t\t\t        \t<\/p>\r\n\t\t\t\t\t        <a href=\"https:\/\/aai.sk\/en\/services\/audiodrome-pads\/\" class=\"btn btn-xs\">\u010c\u00edta\u0165 viac<\/a>\t\t\t\t\t    <\/div>    \r\n\t\t\t\t\t<\/div>\r\n\t\t\t\t<\/article>\t\r\n\t\t\t\t\t\t\t\t<article class=\"swiper-slide\">\r\n\r\n\t\t\t\t\t<div class=\"ltx-inner\">\r\n\t\t\t\t\t\t<a href=\"https:\/\/aai.sk\/en\/services\/audiodrome-interconnects\/\" class=\"photo\"><img loading=\"lazy\" decoding=\"async\" width=\"600\" height=\"304\" src=\"https:\/\/aai.sk\/wp-content\/uploads\/2019\/06\/AudioDroml_logo.png\" class=\"attachment-recond-service size-recond-service wp-post-image\" alt=\"\" srcset=\"https:\/\/aai.sk\/wp-content\/uploads\/2019\/06\/AudioDroml_logo.png 600w, https:\/\/aai.sk\/wp-content\/uploads\/2019\/06\/AudioDroml_logo-300x152.png 300w, https:\/\/aai.sk\/wp-content\/uploads\/2019\/06\/AudioDroml_logo-360x182.png 360w, https:\/\/aai.sk\/wp-content\/uploads\/2019\/06\/AudioDroml_logo-550x279.png 550w\" sizes=\"auto, (max-width: 600px) 100vw, 600px\" \/><span class=\"ltx-plus\"><\/span><\/a>\t\t\t\t\t    <div class=\"description\">\r\n\t\t\t\t\t        <a href=\"https:\/\/aai.sk\/en\/services\/audiodrome-interconnects\/\" class=\"header\">\r\n\t\t\t\t\t        \t<h5 class=\"header\">Audiodrome (Interconnects)<\/h5>\r\n\t\t\t\t\t        <\/a>\r\n\t\t\t\t        \t<p>\r\n\t\t\t\t        \t\t\t\t\t\t        \t<\/p>\r\n\t\t\t\t\t        <a href=\"https:\/\/aai.sk\/en\/services\/audiodrome-interconnects\/\" class=\"btn btn-xs\">\u010c\u00edta\u0165 viac<\/a>\t\t\t\t\t    <\/div>    \r\n\t\t\t\t\t<\/div>\r\n\t\t\t\t<\/article>\t\r\n\t\t\t\t\t\t\t\t<article class=\"swiper-slide\">\r\n\r\n\t\t\t\t\t<div class=\"ltx-inner\">\r\n\t\t\t\t\t\t<a href=\"https:\/\/aai.sk\/en\/services\/audiodrome-pads-2\/\" class=\"photo\"><img loading=\"lazy\" decoding=\"async\" width=\"600\" height=\"304\" src=\"https:\/\/aai.sk\/wp-content\/uploads\/2019\/06\/AudioDroml_logo.png\" class=\"attachment-recond-service size-recond-service wp-post-image\" alt=\"\" srcset=\"https:\/\/aai.sk\/wp-content\/uploads\/2019\/06\/AudioDroml_logo.png 600w, https:\/\/aai.sk\/wp-content\/uploads\/2019\/06\/AudioDroml_logo-300x152.png 300w, https:\/\/aai.sk\/wp-content\/uploads\/2019\/06\/AudioDroml_logo-360x182.png 360w, https:\/\/aai.sk\/wp-content\/uploads\/2019\/06\/AudioDroml_logo-550x279.png 550w\" sizes=\"auto, (max-width: 600px) 100vw, 600px\" \/><span class=\"ltx-plus\"><\/span><\/a>\t\t\t\t\t    <div class=\"description\">\r\n\t\t\t\t\t        <a href=\"https:\/\/aai.sk\/en\/services\/audiodrome-pads-2\/\" class=\"header\">\r\n\t\t\t\t\t        \t<h5 class=\"header\">Audiodrome (Pads)<\/h5>\r\n\t\t\t\t\t        <\/a>\r\n\t\t\t\t        \t<p>\r\n\t\t\t\t        \t\t\t\t\t\t        \t<\/p>\r\n\t\t\t\t\t        <a href=\"https:\/\/aai.sk\/en\/services\/audiodrome-pads-2\/\" class=\"btn btn-xs\">\u010c\u00edta\u0165 viac<\/a>\t\t\t\t\t    <\/div>    \r\n\t\t\t\t\t<\/div>\r\n\t\t\t\t<\/article>\t\r\n\t\t\t\t\t\t\t\t<article class=\"swiper-slide\">\r\n\r\n\t\t\t\t\t<div class=\"ltx-inner\">\r\n\t\t\t\t\t\t<a href=\"https:\/\/aai.sk\/en\/services\/jays-audio-lab-meet-my-new-cable-line\/\" class=\"photo\"><img loading=\"lazy\" decoding=\"async\" width=\"600\" height=\"304\" src=\"https:\/\/aai.sk\/wp-content\/uploads\/2019\/06\/cable-line-1.png\" class=\"attachment-recond-service size-recond-service wp-post-image\" alt=\"\" srcset=\"https:\/\/aai.sk\/wp-content\/uploads\/2019\/06\/cable-line-1.png 600w, https:\/\/aai.sk\/wp-content\/uploads\/2019\/06\/cable-line-1-300x152.png 300w, https:\/\/aai.sk\/wp-content\/uploads\/2019\/06\/cable-line-1-360x182.png 360w, https:\/\/aai.sk\/wp-content\/uploads\/2019\/06\/cable-line-1-550x279.png 550w\" sizes=\"auto, (max-width: 600px) 100vw, 600px\" \/><span class=\"ltx-plus\"><\/span><\/a>\t\t\t\t\t    <div class=\"description\">\r\n\t\t\t\t\t        <a href=\"https:\/\/aai.sk\/en\/services\/jays-audio-lab-meet-my-new-cable-line\/\" class=\"header\">\r\n\t\t\t\t\t        \t<h5 class=\"header\">Jay&#8217;s Audio Lab &#8211; Meet My New Cable Line<\/h5>\r\n\t\t\t\t\t        <\/a>\r\n\t\t\t\t        \t<p>\r\n\t\t\t\t        \t\t\t\t\t\t        \t<\/p>\r\n\t\t\t\t\t        <a href=\"https:\/\/aai.sk\/en\/services\/jays-audio-lab-meet-my-new-cable-line\/\" class=\"btn btn-xs\">\u010c\u00edta\u0165 viac<\/a>\t\t\t\t\t    <\/div>    \r\n\t\t\t\t\t<\/div>\r\n\t\t\t\t<\/article>\t\r\n\t\t\t\t<\/div><\/div><div class=\"arrows\">\r\n\t\t\t\t<a href=\"#\" class=\"arrow-left fa fa-chevron-left\"><\/a>\r\n\t\t\t\t<a href=\"#\" class=\"arrow-right fa fa-chevron-right\"><\/a>\r\n\t\t\t<\/div><\/div><div class=\"services-sc services-slider layout-product ltx-style-gray\"  id=\"like_sc_services_1155599972\" data-cols=\"3\" data-autoplay=\"0\"><div class=\"swiper-container\"><div class=\"swiper-wrapper\">\t\t\t\t<article class=\"swiper-slide\">\r\n\r\n\t\t\t\t\t<div class=\"ltx-inner\">\r\n\t\t\t\t\t\t<a href=\"https:\/\/aai.sk\/en\/services\/aai-estremo\/\" class=\"photo\"><img loading=\"lazy\" decoding=\"async\" width=\"518\" height=\"354\" src=\"https:\/\/aai.sk\/wp-content\/uploads\/2025\/08\/review-aai-estremo-1.jpg\" class=\"attachment-recond-service size-recond-service wp-post-image\" alt=\"\" srcset=\"https:\/\/aai.sk\/wp-content\/uploads\/2025\/08\/review-aai-estremo-1.jpg 518w, https:\/\/aai.sk\/wp-content\/uploads\/2025\/08\/review-aai-estremo-1-300x205.jpg 300w, https:\/\/aai.sk\/wp-content\/uploads\/2025\/08\/review-aai-estremo-1-360x246.jpg 360w, https:\/\/aai.sk\/wp-content\/uploads\/2025\/08\/review-aai-estremo-1-470x320.jpg 470w\" sizes=\"auto, (max-width: 518px) 100vw, 518px\" \/><span class=\"ltx-plus\"><\/span><\/a>\t\t\t\t\t    <div class=\"description\">\r\n\t\t\t\t\t        <a href=\"https:\/\/aai.sk\/en\/services\/aai-estremo\/\" class=\"header\">\r\n\t\t\t\t\t        \t<h5 class=\"header\">AAI Estremo<\/h5>\r\n\t\t\t\t\t        <\/a>\r\n\t\t\t\t        \t<p>\r\n\t\t\t\t        \t\t\t\t\t\t        \t<\/p>\r\n\t\t\t\t\t        <a href=\"https:\/\/aai.sk\/en\/services\/aai-estremo\/\" class=\"btn btn-xs\">\u010c\u00edta\u0165 viac<\/a>\t\t\t\t\t    <\/div>    \r\n\t\t\t\t\t<\/div>\r\n\t\t\t\t<\/article>\t\r\n\t\t\t\t\t\t\t\t<article class=\"swiper-slide\">\r\n\r\n\t\t\t\t\t<div class=\"ltx-inner\">\r\n\t\t\t\t\t\t<a href=\"https:\/\/aai.sk\/en\/services\/my-new-flagship-authentic-audio-image-estremo-speaker-cables\/\" class=\"photo\"><img loading=\"lazy\" decoding=\"async\" width=\"750\" height=\"525\" src=\"https:\/\/aai.sk\/wp-content\/uploads\/2024\/10\/3-750x525.png\" class=\"attachment-recond-service size-recond-service wp-post-image\" alt=\"\" \/><span class=\"ltx-plus\"><\/span><\/a>\t\t\t\t\t    <div class=\"description\">\r\n\t\t\t\t\t        <a href=\"https:\/\/aai.sk\/en\/services\/my-new-flagship-authentic-audio-image-estremo-speaker-cables\/\" class=\"header\">\r\n\t\t\t\t\t        \t<h5 class=\"header\">My NeW Flagship Authentic Audio Image Estremo Speaker Cables<\/h5>\r\n\t\t\t\t\t        <\/a>\r\n\t\t\t\t        \t<p>\r\n\t\t\t\t        \t\t\t\t\t\t        \t<\/p>\r\n\t\t\t\t\t        <a href=\"https:\/\/aai.sk\/en\/services\/my-new-flagship-authentic-audio-image-estremo-speaker-cables\/\" class=\"btn btn-xs\">\u010c\u00edta\u0165 viac<\/a>\t\t\t\t\t    <\/div>    \r\n\t\t\t\t\t<\/div>\r\n\t\t\t\t<\/article>\t\r\n\t\t\t\t\t\t\t\t<article class=\"swiper-slide\">\r\n\r\n\t\t\t\t\t<div class=\"ltx-inner\">\r\n\t\t\t\t\t\t<a href=\"https:\/\/aai.sk\/en\/services\/jays-audio-lab-lets-listen-to-a-310000-mingus-orchestra-statement-edition-loudspeakers\/\" class=\"photo\"><img loading=\"lazy\" decoding=\"async\" width=\"750\" height=\"525\" src=\"https:\/\/aai.sk\/wp-content\/uploads\/2024\/10\/3-750x525.png\" class=\"attachment-recond-service size-recond-service wp-post-image\" alt=\"\" \/><span class=\"ltx-plus\"><\/span><\/a>\t\t\t\t\t    <div class=\"description\">\r\n\t\t\t\t\t        <a href=\"https:\/\/aai.sk\/en\/services\/jays-audio-lab-lets-listen-to-a-310000-mingus-orchestra-statement-edition-loudspeakers\/\" class=\"header\">\r\n\t\t\t\t\t        \t<h5 class=\"header\">Jay&#8217;s Audio Lab &#8211; Let&#8217;s Listen To A $310,000 Mingus Orchestra Statement Edition Loudspeakers!<\/h5>\r\n\t\t\t\t\t        <\/a>\r\n\t\t\t\t        \t<p>\r\n\t\t\t\t        \t\t\t\t\t\t        \t<\/p>\r\n\t\t\t\t\t        <a href=\"https:\/\/aai.sk\/en\/services\/jays-audio-lab-lets-listen-to-a-310000-mingus-orchestra-statement-edition-loudspeakers\/\" class=\"btn btn-xs\">\u010c\u00edta\u0165 viac<\/a>\t\t\t\t\t    <\/div>    \r\n\t\t\t\t\t<\/div>\r\n\t\t\t\t<\/article>\t\r\n\t\t\t\t\t\t\t\t<article class=\"swiper-slide\">\r\n\r\n\t\t\t\t\t<div class=\"ltx-inner\">\r\n\t\t\t\t\t\t<a href=\"https:\/\/aai.sk\/en\/services\/jays-audio-lab-next-chapter-gryphon-wilson-audio-taiko-authentic-audio-image-best-ever\/\" class=\"photo\"><img loading=\"lazy\" decoding=\"async\" width=\"750\" height=\"525\" src=\"https:\/\/aai.sk\/wp-content\/uploads\/2024\/10\/3-750x525.png\" class=\"attachment-recond-service size-recond-service wp-post-image\" alt=\"\" \/><span class=\"ltx-plus\"><\/span><\/a>\t\t\t\t\t    <div class=\"description\">\r\n\t\t\t\t\t        <a href=\"https:\/\/aai.sk\/en\/services\/jays-audio-lab-next-chapter-gryphon-wilson-audio-taiko-authentic-audio-image-best-ever\/\" class=\"header\">\r\n\t\t\t\t\t        \t<h5 class=\"header\">Jay&#8217;s Audio Lab &#8211; Next Chapter: Gryphon &#8211; Wilson Audio &#8211; Taiko &#8211; Authentic Audio Image &#8211; Best Ever?<\/h5>\r\n\t\t\t\t\t        <\/a>\r\n\t\t\t\t        \t<p>\r\n\t\t\t\t        \t\t\t\t\t\t        \t<\/p>\r\n\t\t\t\t\t        <a href=\"https:\/\/aai.sk\/en\/services\/jays-audio-lab-next-chapter-gryphon-wilson-audio-taiko-authentic-audio-image-best-ever\/\" class=\"btn btn-xs\">\u010c\u00edta\u0165 viac<\/a>\t\t\t\t\t    <\/div>    \r\n\t\t\t\t\t<\/div>\r\n\t\t\t\t<\/article>\t\r\n\t\t\t\t\t\t\t\t<article class=\"swiper-slide\">\r\n\r\n\t\t\t\t\t<div class=\"ltx-inner\">\r\n\t\t\t\t\t\t<a href=\"https:\/\/aai.sk\/en\/services\/authentic-audio-image-jays-audio-lab-new-cable-line\/\" class=\"photo\"><img loading=\"lazy\" decoding=\"async\" width=\"750\" height=\"525\" src=\"https:\/\/aai.sk\/wp-content\/uploads\/2024\/10\/2-750x525.png\" class=\"attachment-recond-service size-recond-service wp-post-image\" alt=\"\" \/><span class=\"ltx-plus\"><\/span><\/a>\t\t\t\t\t    <div class=\"description\">\r\n\t\t\t\t\t        <a href=\"https:\/\/aai.sk\/en\/services\/authentic-audio-image-jays-audio-lab-new-cable-line\/\" class=\"header\">\r\n\t\t\t\t\t        \t<h5 class=\"header\">Authentic Audio Image &#8211; Jay&#8217;s Audio Lab New Cable Line!<\/h5>\r\n\t\t\t\t\t        <\/a>\r\n\t\t\t\t        \t<p>\r\n\t\t\t\t        \t\t\t\t\t\t        \t<\/p>\r\n\t\t\t\t\t        <a href=\"https:\/\/aai.sk\/en\/services\/authentic-audio-image-jays-audio-lab-new-cable-line\/\" class=\"btn btn-xs\">\u010c\u00edta\u0165 viac<\/a>\t\t\t\t\t    <\/div>    \r\n\t\t\t\t\t<\/div>\r\n\t\t\t\t<\/article>\t\r\n\t\t\t\t\t\t\t\t<article class=\"swiper-slide\">\r\n\r\n\t\t\t\t\t<div class=\"ltx-inner\">\r\n\t\t\t\t\t\t<a href=\"https:\/\/aai.sk\/en\/services\/jays-audio-lab-80000-cable-loom-versus-my-cable-line-aai\/\" class=\"photo\"><img loading=\"lazy\" decoding=\"async\" width=\"750\" height=\"525\" src=\"https:\/\/aai.sk\/wp-content\/uploads\/2024\/10\/1-750x525.png\" class=\"attachment-recond-service size-recond-service wp-post-image\" alt=\"\" \/><span class=\"ltx-plus\"><\/span><\/a>\t\t\t\t\t    <div class=\"description\">\r\n\t\t\t\t\t        <a href=\"https:\/\/aai.sk\/en\/services\/jays-audio-lab-80000-cable-loom-versus-my-cable-line-aai\/\" class=\"header\">\r\n\t\t\t\t\t        \t<h5 class=\"header\">Jay&#8217;s Audio Lab &#8211; $80,000 Cable Loom Versus My Cable Line AAI<\/h5>\r\n\t\t\t\t\t        <\/a>\r\n\t\t\t\t        \t<p>\r\n\t\t\t\t        \t\t\t\t\t\t        \t<\/p>\r\n\t\t\t\t\t        <a href=\"https:\/\/aai.sk\/en\/services\/jays-audio-lab-80000-cable-loom-versus-my-cable-line-aai\/\" class=\"btn btn-xs\">\u010c\u00edta\u0165 viac<\/a>\t\t\t\t\t    <\/div>    \r\n\t\t\t\t\t<\/div>\r\n\t\t\t\t<\/article>\t\r\n\t\t\t\t<\/div><\/div><div class=\"arrows\">\r\n\t\t\t\t<a href=\"#\" class=\"arrow-left fa fa-chevron-left\"><\/a>\r\n\t\t\t\t<a href=\"#\" class=\"arrow-right fa fa-chevron-right\"><\/a>\r\n\t\t\t<\/div><\/div><div class=\"es-resp\">\t<div class=\"visible-xl\" style=\"height: 130px;\"><\/div>\t<div class=\"hidden-xl hidden-md hidden-sm hidden-ms hidden-xs\" style=\"height: 130px;\"><\/div>\t<div class=\"visible-md\" style=\"height: 130px;\"><\/div>\t<div class=\"visible-sm \" style=\"height: 130px;\"><\/div>\t<div class=\"visible-ms\" style=\"height: 80px;\"><\/div>\t<div class=\"visible-xs\" style=\"height: 80px;\"><\/div><\/div>[\/vc_column][\/vc_row]<\/p>\n<\/div>","protected":false},"excerpt":{"rendered":"<p>[vc_row][vc_column][\/vc_column][\/vc_row]<\/p>\n","protected":false},"author":1,"featured_media":0,"parent":0,"menu_order":0,"comment_status":"closed","ping_status":"closed","template":"page-templates\/full-width.php","meta":{"footnotes":""},"class_list":["post-10948","page","type-page","status-publish","hentry","has-post-thumbnail"],"yoast_head":"<!-- This site is optimized with the Yoast SEO plugin v25.5 - https:\/\/yoast.com\/wordpress\/plugins\/seo\/ -->\n<title>Reviews - AAI<\/title>\n<meta name=\"robots\" content=\"index, follow, max-snippet:-1, max-image-preview:large, max-video-preview:-1\" \/>\n<link rel=\"canonical\" href=\"https:\/\/aai.sk\/en\/reviews\/\" \/>\n<meta property=\"og:locale\" content=\"en_US\" \/>\n<meta property=\"og:type\" content=\"article\" \/>\n<meta property=\"og:title\" content=\"Reviews - AAI\" \/>\n<meta property=\"og:description\" content=\"[vc_row][vc_column][\/vc_column][\/vc_row]\" \/>\n<meta property=\"og:url\" content=\"https:\/\/aai.sk\/en\/reviews\/\" \/>\n<meta property=\"og:site_name\" content=\"AAI\" \/>\n<meta property=\"article:publisher\" content=\"https:\/\/www.facebook.com\/AuthenticAudioImage\" \/>\n<meta property=\"article:modified_time\" content=\"2025-08-11T08:39:19+00:00\" \/>\n<meta name=\"twitter:card\" content=\"summary_large_image\" \/>\n<script type=\"application\/ld+json\" class=\"yoast-schema-graph\">{\"@context\":\"https:\/\/schema.org\",\"@graph\":[{\"@type\":\"WebPage\",\"@id\":\"https:\/\/aai.sk\/en\/reviews\/\",\"url\":\"https:\/\/aai.sk\/en\/reviews\/\",\"name\":\"Reviews - AAI\",\"isPartOf\":{\"@id\":\"https:\/\/aai.sk\/en\/#website\"},\"datePublished\":\"2024-09-15T14:12:28+00:00\",\"dateModified\":\"2025-08-11T08:39:19+00:00\",\"breadcrumb\":{\"@id\":\"https:\/\/aai.sk\/en\/reviews\/#breadcrumb\"},\"inLanguage\":\"en-US\",\"potentialAction\":[{\"@type\":\"ReadAction\",\"target\":[\"https:\/\/aai.sk\/en\/reviews\/\"]}]},{\"@type\":\"BreadcrumbList\",\"@id\":\"https:\/\/aai.sk\/en\/reviews\/#breadcrumb\",\"itemListElement\":[{\"@type\":\"ListItem\",\"position\":1,\"name\":\"Domovsk\u00e1 str\u00e1nka\",\"item\":\"https:\/\/aai.sk\/en\/\"},{\"@type\":\"ListItem\",\"position\":2,\"name\":\"Reviews\"}]},{\"@type\":\"WebSite\",\"@id\":\"https:\/\/aai.sk\/en\/#website\",\"url\":\"https:\/\/aai.sk\/en\/\",\"name\":\"AAI\",\"description\":\"\",\"publisher\":{\"@id\":\"https:\/\/aai.sk\/en\/#organization\"},\"potentialAction\":[{\"@type\":\"SearchAction\",\"target\":{\"@type\":\"EntryPoint\",\"urlTemplate\":\"https:\/\/aai.sk\/en\/?s={search_term_string}\"},\"query-input\":{\"@type\":\"PropertyValueSpecification\",\"valueRequired\":true,\"valueName\":\"search_term_string\"}}],\"inLanguage\":\"en-US\"},{\"@type\":\"Organization\",\"@id\":\"https:\/\/aai.sk\/en\/#organization\",\"name\":\"AAI\",\"url\":\"https:\/\/aai.sk\/en\/\",\"logo\":{\"@type\":\"ImageObject\",\"inLanguage\":\"en-US\",\"@id\":\"https:\/\/aai.sk\/en\/#\/schema\/logo\/image\/\",\"url\":\"https:\/\/aai.sk\/wp-content\/uploads\/2019\/06\/logoblack.png\",\"contentUrl\":\"https:\/\/aai.sk\/wp-content\/uploads\/2019\/06\/logoblack.png\",\"width\":1820,\"height\":294,\"caption\":\"AAI\"},\"image\":{\"@id\":\"https:\/\/aai.sk\/en\/#\/schema\/logo\/image\/\"},\"sameAs\":[\"https:\/\/www.facebook.com\/AuthenticAudioImage\",\"https:\/\/www.instagram.com\/authentic.audio.image\/\"]}]}<\/script>\n<!-- \/ Yoast SEO plugin. -->","yoast_head_json":{"title":"Reviews - AAI","robots":{"index":"index","follow":"follow","max-snippet":"max-snippet:-1","max-image-preview":"max-image-preview:large","max-video-preview":"max-video-preview:-1"},"canonical":"https:\/\/aai.sk\/en\/reviews\/","og_locale":"en_US","og_type":"article","og_title":"Reviews - AAI","og_description":"[vc_row][vc_column][\/vc_column][\/vc_row]","og_url":"https:\/\/aai.sk\/en\/reviews\/","og_site_name":"AAI","article_publisher":"https:\/\/www.facebook.com\/AuthenticAudioImage","article_modified_time":"2025-08-11T08:39:19+00:00","twitter_card":"summary_large_image","schema":{"@context":"https:\/\/schema.org","@graph":[{"@type":"WebPage","@id":"https:\/\/aai.sk\/en\/reviews\/","url":"https:\/\/aai.sk\/en\/reviews\/","name":"Reviews - AAI","isPartOf":{"@id":"https:\/\/aai.sk\/en\/#website"},"datePublished":"2024-09-15T14:12:28+00:00","dateModified":"2025-08-11T08:39:19+00:00","breadcrumb":{"@id":"https:\/\/aai.sk\/en\/reviews\/#breadcrumb"},"inLanguage":"en-US","potentialAction":[{"@type":"ReadAction","target":["https:\/\/aai.sk\/en\/reviews\/"]}]},{"@type":"BreadcrumbList","@id":"https:\/\/aai.sk\/en\/reviews\/#breadcrumb","itemListElement":[{"@type":"ListItem","position":1,"name":"Domovsk\u00e1 str\u00e1nka","item":"https:\/\/aai.sk\/en\/"},{"@type":"ListItem","position":2,"name":"Reviews"}]},{"@type":"WebSite","@id":"https:\/\/aai.sk\/en\/#website","url":"https:\/\/aai.sk\/en\/","name":"AAI","description":"","publisher":{"@id":"https:\/\/aai.sk\/en\/#organization"},"potentialAction":[{"@type":"SearchAction","target":{"@type":"EntryPoint","urlTemplate":"https:\/\/aai.sk\/en\/?s={search_term_string}"},"query-input":{"@type":"PropertyValueSpecification","valueRequired":true,"valueName":"search_term_string"}}],"inLanguage":"en-US"},{"@type":"Organization","@id":"https:\/\/aai.sk\/en\/#organization","name":"AAI","url":"https:\/\/aai.sk\/en\/","logo":{"@type":"ImageObject","inLanguage":"en-US","@id":"https:\/\/aai.sk\/en\/#\/schema\/logo\/image\/","url":"https:\/\/aai.sk\/wp-content\/uploads\/2019\/06\/logoblack.png","contentUrl":"https:\/\/aai.sk\/wp-content\/uploads\/2019\/06\/logoblack.png","width":1820,"height":294,"caption":"AAI"},"image":{"@id":"https:\/\/aai.sk\/en\/#\/schema\/logo\/image\/"},"sameAs":["https:\/\/www.facebook.com\/AuthenticAudioImage","https:\/\/www.instagram.com\/authentic.audio.image\/"]}]}},"_links":{"self":[{"href":"https:\/\/aai.sk\/en\/wp-json\/wp\/v2\/pages\/10948","targetHints":{"allow":["GET"]}}],"collection":[{"href":"https:\/\/aai.sk\/en\/wp-json\/wp\/v2\/pages"}],"about":[{"href":"https:\/\/aai.sk\/en\/wp-json\/wp\/v2\/types\/page"}],"author":[{"embeddable":true,"href":"https:\/\/aai.sk\/en\/wp-json\/wp\/v2\/users\/1"}],"replies":[{"embeddable":true,"href":"https:\/\/aai.sk\/en\/wp-json\/wp\/v2\/comments?post=10948"}],"version-history":[{"count":5,"href":"https:\/\/aai.sk\/en\/wp-json\/wp\/v2\/pages\/10948\/revisions"}],"predecessor-version":[{"id":11323,"href":"https:\/\/aai.sk\/en\/wp-json\/wp\/v2\/pages\/10948\/revisions\/11323"}],"wp:attachment":[{"href":"https:\/\/aai.sk\/en\/wp-json\/wp\/v2\/media?parent=10948"}],"curies":[{"name":"wp","href":"https:\/\/api.w.org\/{rel}","templated":true}]}}