{"id":10920,"date":"2017-05-17T20:05:52","date_gmt":"2017-05-17T18:05:52","guid":{"rendered":"https:\/\/aai.sk\/contact\/"},"modified":"2025-02-19T11:23:31","modified_gmt":"2025-02-19T10:23:31","slug":"contact","status":"publish","type":"page","link":"https:\/\/aai.sk\/en\/contact\/","title":{"rendered":"Contact"},"content":{"rendered":"<div class=\"wpb-content-wrapper\"><p>[vc_section full_width=&#8221;stretch_row&#8221;][vc_row content_placement=&#8221;top&#8221;][vc_column width=&#8221;1\/6&#8243; text_align=&#8221;center-sm-ms&#8221; offset=&#8221;vc_col-lg-4 vc_col-md-6&#8243;]<div class=\"ltx-content-width col-align-left\" id=\"like_sc_content_width_551022164\" style=\"max-width: 370px\"><div class=\"ltx-wrapper\"><div class=\"heading  header-subheader align-left color-black transform-default theme-icon-second icon-type-hidden   vc_custom_1726207772532 heading-tag-h4\" id=\"like_sc_header_880773046\"><h4 class=\"header ltx-sr-id-like_sc_header_880773046924670125 ltx-sr ltx-sr-effect-fade_in ltx-sr-el-block ltx-sr-delay-0 ltx-sr-duration-1000 ltx-sr-sequences-0\">AAI s.r.o.<\/h4><\/div>[vc_column_text css=&#8221;&#8221;]Rozkvet 2038\/76<br \/>Pova\u017esk\u00e1 Bystrica 017 01<br \/>Slovakia[\/vc_column_text]<div class=\"align-default \"><ul class=\"social-icons-list   vc_custom_1726208875628 bg-main  icon-weight-bold\" id=\"like_sc_social_icons_1634827191\"><li class=\" \"><span class=\"fas fa-phone-volume\"><\/span><span class=\"head\">+421 905 694943<\/span><\/li><li class=\" \"><a href=\"#\"><span class=\"far fa-envelope\"><\/span><span class=\"head\"> info@aai.sk<\/span><\/a><\/li><\/ul><\/div><div class=\"align-default \"><ul class=\"social-big bg-main  icon-weight-bold\" id=\"like_sc_social_icons_39077307\"><li><a href=\"#\" class=\"ltx-social-color default-icon-class\"><\/a><\/li><li><a href=\"#\" class=\"ltx-social-color default-icon-class\"><\/a><\/li><\/ul><\/div><\/div><\/div>[\/vc_column][vc_column width=&#8221;1\/6&#8243; css=&#8221;.vc_custom_1549398563071{margin-top: 0px !important;padding-top: 0px !important;background-position: center !important;background-repeat: no-repeat !important;background-size: cover !important;}&#8221; offset=&#8221;vc_col-lg-4 vc_col-md-6 vc_hidden-md vc_hidden-sm vc_hidden-xs&#8221;][vc_single_image image=&#8221;10249&#8243; img_size=&#8221;full&#8221; alignment=&#8221;center&#8221; style=&#8221;vc_box_rounded&#8221; css=&#8221;.vc_custom_1726209489692{margin-top: 16px !important;margin-bottom: 0px !important;padding-bottom: 0px !important;}&#8221;][\/vc_column][vc_column width=&#8221;1\/6&#8243;][\/vc_column][vc_column width=&#8221;1\/6&#8243;]<div class=\"es-resp\">\t<div class=\"visible-xl\" style=\"height: 0px;\"><\/div>\t<div class=\"hidden-xl hidden-md hidden-sm hidden-ms hidden-xs\" style=\"height: 0px;\"><\/div>\t<div class=\"visible-md\" style=\"height: 0px;\"><\/div>\t<div class=\"visible-sm \" style=\"height: 48px;\"><\/div>\t<div class=\"visible-ms\" style=\"height: 48px;\"><\/div>\t<div class=\"visible-xs\" style=\"height: 48px;\"><\/div><\/div><div class=\"heading  header-subheader align-left color-black subcolor-main transform-default theme-icon-second icon-type-hidden   vc_custom_1726208942630 heading-tag-h4\" id=\"like_sc_header_1890043829\"><h4 class=\"header ltx-sr-id-like_sc_header_18900438291283325623 ltx-sr ltx-sr-effect-fade_in ltx-sr-el-block ltx-sr-delay-0 ltx-sr-duration-1000 ltx-sr-sequences-0\">\u00dadaje<\/h4><\/div>[vc_column_text css=&#8221;&#8221;]Company registered in the OR okr. Court Tren\u010d\u00edn<br \/>Section: Sro Entry No.: 39865\/R<\/p>\n<p>I\u010cO: 53011180<br \/>DI\u010c: 2121233114<br \/>I\u010c DPH: SK2121233114<\/p>\n<p>Bank connection:<br \/>Tatra banka, a.s.:<br \/>BIC\/SWIFT: TATRSKBX<br \/>SK23 1100 0000 0029 4208 4489[\/vc_column_text]<div class=\"es-resp\">\t<div class=\"hidden-xl hidden-md hidden-sm hidden-ms hidden-xs\" style=\"height: 28px;\"><\/div>\t<div class=\"visible-md\" style=\"height: 28px;\"><\/div>\t<div class=\"visible-sm \" style=\"height: 28px;\"><\/div>\t<div class=\"visible-ms\" style=\"height: 28px;\"><\/div>\t<div class=\"visible-xs\" style=\"height: 28px;\"><\/div><\/div>[\/vc_column][\/vc_row][vc_row][vc_column]<div class=\"es-resp\">\t<div class=\"visible-xl\" style=\"height: 80px;\"><\/div>\t<div class=\"hidden-xl hidden-md hidden-sm hidden-ms hidden-xs\" style=\"height: 80px;\"><\/div>\t<div class=\"visible-md\" style=\"height: 80px;\"><\/div>\t<div class=\"visible-sm \" style=\"height: 80px;\"><\/div>\t<div class=\"visible-ms\" style=\"height: 80px;\"><\/div>\t<div class=\"visible-xs\" style=\"height: 80px;\"><\/div><\/div>[\/vc_column][\/vc_row][vc_row full_width=&#8221;stretch_row&#8221; bg_color_select=&#8221;gray&#8221;][vc_column]<div class=\"ltx-content-width col-align-center\" id=\"like_sc_content_width_1816527099\" style=\"max-width: 1050px\"><div class=\"ltx-wrapper\"><div class=\"es-resp\">\t<div class=\"visible-xl\" style=\"height: 48px;\"><\/div>\t<div class=\"hidden-xl hidden-md hidden-sm hidden-ms hidden-xs\" style=\"height: 48px;\"><\/div>\t<div class=\"visible-md\" style=\"height: 48px;\"><\/div>\t<div class=\"visible-sm \" style=\"height: 48px;\"><\/div>\t<div class=\"visible-ms\" style=\"height: 48px;\"><\/div>\t<div class=\"visible-xs\" style=\"height: 48px;\"><\/div><\/div><div class=\"heading  header-subheader align-center color-black subcolor-main transform-default theme-icon-second icon-type-hidden   vc_custom_1726210092814 heading-tag-h4\" id=\"like_sc_header_646857849\"><h4 class=\"header ltx-sr-id-like_sc_header_646857849604834132 ltx-sr ltx-sr-effect-fade_in ltx-sr-el-block ltx-sr-delay-0 ltx-sr-duration-1000 ltx-sr-sequences-0\">Kontaktujte n\u00e1s<\/h4><\/div><div class=\"ltx-contact-form-7 transform-default form-center form-gray form-bg-gray form-style-default form-btn-default form-btn-default form-padding-none    vc_custom_1549397374732\" id=\"like_sc_contact_form_7_1915845123\">\n<div class=\"wpcf7 no-js\" id=\"wpcf7-f11001-o2\" lang=\"en-US\" dir=\"ltr\" data-wpcf7-id=\"11001\">\n<div class=\"screen-reader-response\"><p role=\"status\" aria-live=\"polite\" aria-atomic=\"true\"><\/p> <ul><\/ul><\/div>\n<form action=\"\/en\/wp-json\/wp\/v2\/pages\/10920#wpcf7-f11001-o2\" method=\"post\" class=\"wpcf7-form init\" aria-label=\"Contact form\" novalidate=\"novalidate\" data-status=\"init\">\n<fieldset class=\"hidden-fields-container\"><input type=\"hidden\" name=\"_wpcf7\" value=\"11001\" \/><input type=\"hidden\" name=\"_wpcf7_version\" value=\"6.1\" \/><input type=\"hidden\" name=\"_wpcf7_locale\" value=\"en_US\" \/><input type=\"hidden\" name=\"_wpcf7_unit_tag\" value=\"wpcf7-f11001-o2\" \/><input type=\"hidden\" name=\"_wpcf7_container_post\" value=\"0\" \/><input type=\"hidden\" name=\"_wpcf7_posted_data_hash\" value=\"\" \/>\n<\/fieldset>\n<div class=\"row\">\n\t<div class=\"col-lg-6\">\n\t\t<p><span class=\"wpcf7-form-control-wrap\" data-name=\"field-header\"><input size=\"40\" maxlength=\"400\" class=\"wpcf7-form-control wpcf7-text wpcf7-validates-as-required\" aria-required=\"true\" aria-invalid=\"false\" placeholder=\"Name\" value=\"\" type=\"text\" name=\"field-header\" \/><\/span>\n\t\t<\/p>\n\t<\/div>\n\t<div class=\"col-lg-6\">\n\t\t<p><span class=\"wpcf7-form-control-wrap\" data-name=\"field-header2\"><input size=\"40\" maxlength=\"400\" class=\"wpcf7-form-control wpcf7-text wpcf7-validates-as-required\" aria-required=\"true\" aria-invalid=\"false\" placeholder=\"E-mail\" value=\"\" type=\"text\" name=\"field-header2\" \/><\/span>\n\t\t<\/p>\n\t<\/div>\n<\/div>\n<p><span class=\"wpcf7-form-control-wrap\" data-name=\"field-header-3\"><textarea cols=\"40\" rows=\"10\" maxlength=\"2000\" class=\"wpcf7-form-control wpcf7-textarea\" aria-invalid=\"false\" placeholder=\"Report\" name=\"field-header-3\"><\/textarea><\/span>\n<\/p>\n<p><input class=\"wpcf7-form-control wpcf7-submit has-spinner\" type=\"submit\" value=\"Send to\" \/>\n<\/p><div class=\"wpcf7-response-output\" aria-hidden=\"true\"><\/div>\n<\/form>\n<\/div>\n<\/div><div class=\"es-resp\">\t<div class=\"visible-xl\" style=\"height: 128px;\"><\/div>\t<div class=\"hidden-xl hidden-md hidden-sm hidden-ms hidden-xs\" style=\"height: 128px;\"><\/div>\t<div class=\"visible-md\" style=\"height: 128px;\"><\/div>\t<div class=\"visible-sm \" style=\"height: 128px;\"><\/div>\t<div class=\"visible-ms\" style=\"height: 128px;\"><\/div>\t<div class=\"visible-xs\" style=\"height: 128px;\"><\/div><\/div><\/div><\/div>[\/vc_column][\/vc_row][\/vc_section][vc_row full_width=&#8221;stretch_row_content_no_spaces&#8221;][vc_column]<div  id=\"like_sc_google_maps_279753513\" data-marker=\"https:\/\/aai.sk\/wp-content\/themes\/recond\/assets\/images\/location.png\" class=\"ltx-google-maps    vc_custom_1726210037210\" data-style=\"yellow\" data-lng=\"49.1082807\" data-lat=\"-18.4462432\" data-zoom=\"11\" style=\"width: 100%; height: 450px;\"><\/div>[\/vc_column][\/vc_row]<\/p>\n<\/div>","protected":false},"excerpt":{"rendered":"<p>[vc_section full_width=&#8221;stretch_row&#8221;][vc_row content_placement=&#8221;top&#8221;][vc_column width=&#8221;1\/6&#8243; text_align=&#8221;center-sm-ms&#8221; offset=&#8221;vc_col-lg-4 vc_col-md-6&#8243;][\/vc_column][vc_column width=&#8221;1\/6&#8243; css=&#8221;.vc_custom_1549398563071{margin-top: 0px !important;padding-top: 0px !important;background-position: center !important;background-repeat: no-repeat !important;background-size: cover !important;}&#8221; offset=&#8221;vc_col-lg-4 vc_col-md-6 vc_hidden-md vc_hidden-sm vc_hidden-xs&#8221;][vc_single_image image=&#8221;10249&#8243; img_size=&#8221;full&#8221; alignment=&#8221;center&#8221; style=&#8221;vc_box_rounded&#8221; css=&#8221;.vc_custom_1726209489692{margin-top: 16px !important;margin-bottom: 0px !important;padding-bottom: 0px !important;}&#8221;][\/vc_column][vc_column width=&#8221;1\/6&#8243;][\/vc_column][vc_column width=&#8221;1\/6&#8243;][vc_column_text css=&#8221;&#8221;]Company registered in the OR okr. Court Tren\u010d\u00ednSection: Sro Entry No.: 39865\/R I\u010cO: 53011180DI\u010c: 2121233114I\u010c DPH: SK2121233114 Bank connection:Tatra banka, a.s.:BIC\/SWIFT: TATRSKBXSK23 1100 0000 0029 4208 4489[\/vc_column_text][\/vc_column][\/vc_row][vc_row][vc_column][\/vc_column][\/vc_row][vc_row full_width=&#8221;stretch_row&#8221; bg_color_select=&#8221;gray&#8221;][vc_column][\/vc_column][\/vc_row][\/vc_section][vc_row full_width=&#8221;stretch_row_content_no_spaces&#8221;][vc_column][\/vc_column][\/vc_row]<\/p>\n","protected":false},"author":1,"featured_media":0,"parent":0,"menu_order":0,"comment_status":"closed","ping_status":"closed","template":"page-templates\/full-width.php","meta":{"footnotes":""},"class_list":["post-10920","page","type-page","status-publish","hentry"],"yoast_head":"<!-- This site is optimized with the Yoast SEO plugin v25.5 - https:\/\/yoast.com\/wordpress\/plugins\/seo\/ -->\n<title>Contact - AAI<\/title>\n<meta name=\"robots\" content=\"index, follow, max-snippet:-1, max-image-preview:large, max-video-preview:-1\" \/>\n<link rel=\"canonical\" href=\"https:\/\/aai.sk\/en\/contact\/\" \/>\n<meta property=\"og:locale\" content=\"en_US\" \/>\n<meta property=\"og:type\" content=\"article\" \/>\n<meta property=\"og:title\" content=\"Contact - AAI\" \/>\n<meta property=\"og:description\" content=\"[vc_section full_width=&#8221;stretch_row&#8221;][vc_row content_placement=&#8221;top&#8221;][vc_column width=&#8221;1\/6&#8243; text_align=&#8221;center-sm-ms&#8221; offset=&#8221;vc_col-lg-4 vc_col-md-6&#8243;][\/vc_column][vc_column width=&#8221;1\/6&#8243; css=&#8221;.vc_custom_1549398563071{margin-top: 0px !important;padding-top: 0px !important;background-position: center !important;background-repeat: no-repeat !important;background-size: cover !important;}&#8221; offset=&#8221;vc_col-lg-4 vc_col-md-6 vc_hidden-md vc_hidden-sm vc_hidden-xs&#8221;][vc_single_image image=&#8221;10249&#8243; img_size=&#8221;full&#8221; alignment=&#8221;center&#8221; style=&#8221;vc_box_rounded&#8221; css=&#8221;.vc_custom_1726209489692{margin-top: 16px !important;margin-bottom: 0px !important;padding-bottom: 0px !important;}&#8221;][\/vc_column][vc_column width=&#8221;1\/6&#8243;][\/vc_column][vc_column width=&#8221;1\/6&#8243;][vc_column_text css=&#8221;&#8221;]Company registered in the OR okr. Court Tren\u010d\u00ednSection: Sro Entry No.: 39865\/R I\u010cO: 53011180DI\u010c: 2121233114I\u010c DPH: SK2121233114 Bank connection:Tatra banka, a.s.:BIC\/SWIFT: TATRSKBXSK23 1100 0000 0029 4208 4489[\/vc_column_text][\/vc_column][\/vc_row][vc_row][vc_column][\/vc_column][\/vc_row][vc_row full_width=&#8221;stretch_row&#8221; bg_color_select=&#8221;gray&#8221;][vc_column][\/vc_column][\/vc_row][\/vc_section][vc_row full_width=&#8221;stretch_row_content_no_spaces&#8221;][vc_column][\/vc_column][\/vc_row]\" \/>\n<meta property=\"og:url\" content=\"https:\/\/aai.sk\/en\/contact\/\" \/>\n<meta property=\"og:site_name\" content=\"AAI\" \/>\n<meta property=\"article:publisher\" content=\"https:\/\/www.facebook.com\/AuthenticAudioImage\" \/>\n<meta property=\"article:modified_time\" content=\"2025-02-19T10:23:31+00:00\" \/>\n<meta name=\"twitter:card\" content=\"summary_large_image\" \/>\n<meta name=\"twitter:label1\" content=\"Est. reading time\" \/>\n\t<meta name=\"twitter:data1\" content=\"2 minutes\" \/>\n<script type=\"application\/ld+json\" class=\"yoast-schema-graph\">{\"@context\":\"https:\/\/schema.org\",\"@graph\":[{\"@type\":\"WebPage\",\"@id\":\"https:\/\/aai.sk\/en\/contact\/\",\"url\":\"https:\/\/aai.sk\/en\/contact\/\",\"name\":\"Contact - AAI\",\"isPartOf\":{\"@id\":\"https:\/\/aai.sk\/en\/#website\"},\"datePublished\":\"2017-05-17T18:05:52+00:00\",\"dateModified\":\"2025-02-19T10:23:31+00:00\",\"breadcrumb\":{\"@id\":\"https:\/\/aai.sk\/en\/contact\/#breadcrumb\"},\"inLanguage\":\"en-US\",\"potentialAction\":[{\"@type\":\"ReadAction\",\"target\":[\"https:\/\/aai.sk\/en\/contact\/\"]}]},{\"@type\":\"BreadcrumbList\",\"@id\":\"https:\/\/aai.sk\/en\/contact\/#breadcrumb\",\"itemListElement\":[{\"@type\":\"ListItem\",\"position\":1,\"name\":\"Domovsk\u00e1 str\u00e1nka\",\"item\":\"https:\/\/aai.sk\/en\/\"},{\"@type\":\"ListItem\",\"position\":2,\"name\":\"Contact\"}]},{\"@type\":\"WebSite\",\"@id\":\"https:\/\/aai.sk\/en\/#website\",\"url\":\"https:\/\/aai.sk\/en\/\",\"name\":\"AAI\",\"description\":\"\",\"publisher\":{\"@id\":\"https:\/\/aai.sk\/en\/#organization\"},\"potentialAction\":[{\"@type\":\"SearchAction\",\"target\":{\"@type\":\"EntryPoint\",\"urlTemplate\":\"https:\/\/aai.sk\/en\/?s={search_term_string}\"},\"query-input\":{\"@type\":\"PropertyValueSpecification\",\"valueRequired\":true,\"valueName\":\"search_term_string\"}}],\"inLanguage\":\"en-US\"},{\"@type\":\"Organization\",\"@id\":\"https:\/\/aai.sk\/en\/#organization\",\"name\":\"AAI\",\"url\":\"https:\/\/aai.sk\/en\/\",\"logo\":{\"@type\":\"ImageObject\",\"inLanguage\":\"en-US\",\"@id\":\"https:\/\/aai.sk\/en\/#\/schema\/logo\/image\/\",\"url\":\"https:\/\/aai.sk\/wp-content\/uploads\/2019\/06\/logoblack.png\",\"contentUrl\":\"https:\/\/aai.sk\/wp-content\/uploads\/2019\/06\/logoblack.png\",\"width\":1820,\"height\":294,\"caption\":\"AAI\"},\"image\":{\"@id\":\"https:\/\/aai.sk\/en\/#\/schema\/logo\/image\/\"},\"sameAs\":[\"https:\/\/www.facebook.com\/AuthenticAudioImage\",\"https:\/\/www.instagram.com\/authentic.audio.image\/\"]}]}<\/script>\n<!-- \/ Yoast SEO plugin. -->","yoast_head_json":{"title":"Contact - AAI","robots":{"index":"index","follow":"follow","max-snippet":"max-snippet:-1","max-image-preview":"max-image-preview:large","max-video-preview":"max-video-preview:-1"},"canonical":"https:\/\/aai.sk\/en\/contact\/","og_locale":"en_US","og_type":"article","og_title":"Contact - AAI","og_description":"[vc_section full_width=&#8221;stretch_row&#8221;][vc_row content_placement=&#8221;top&#8221;][vc_column width=&#8221;1\/6&#8243; text_align=&#8221;center-sm-ms&#8221; offset=&#8221;vc_col-lg-4 vc_col-md-6&#8243;][\/vc_column][vc_column width=&#8221;1\/6&#8243; css=&#8221;.vc_custom_1549398563071{margin-top: 0px !important;padding-top: 0px !important;background-position: center !important;background-repeat: no-repeat !important;background-size: cover !important;}&#8221; offset=&#8221;vc_col-lg-4 vc_col-md-6 vc_hidden-md vc_hidden-sm vc_hidden-xs&#8221;][vc_single_image image=&#8221;10249&#8243; img_size=&#8221;full&#8221; alignment=&#8221;center&#8221; style=&#8221;vc_box_rounded&#8221; css=&#8221;.vc_custom_1726209489692{margin-top: 16px !important;margin-bottom: 0px !important;padding-bottom: 0px !important;}&#8221;][\/vc_column][vc_column width=&#8221;1\/6&#8243;][\/vc_column][vc_column width=&#8221;1\/6&#8243;][vc_column_text css=&#8221;&#8221;]Company registered in the OR okr. Court Tren\u010d\u00ednSection: Sro Entry No.: 39865\/R I\u010cO: 53011180DI\u010c: 2121233114I\u010c DPH: SK2121233114 Bank connection:Tatra banka, a.s.:BIC\/SWIFT: TATRSKBXSK23 1100 0000 0029 4208 4489[\/vc_column_text][\/vc_column][\/vc_row][vc_row][vc_column][\/vc_column][\/vc_row][vc_row full_width=&#8221;stretch_row&#8221; bg_color_select=&#8221;gray&#8221;][vc_column][\/vc_column][\/vc_row][\/vc_section][vc_row full_width=&#8221;stretch_row_content_no_spaces&#8221;][vc_column][\/vc_column][\/vc_row]","og_url":"https:\/\/aai.sk\/en\/contact\/","og_site_name":"AAI","article_publisher":"https:\/\/www.facebook.com\/AuthenticAudioImage","article_modified_time":"2025-02-19T10:23:31+00:00","twitter_card":"summary_large_image","twitter_misc":{"Est. reading time":"2 minutes"},"schema":{"@context":"https:\/\/schema.org","@graph":[{"@type":"WebPage","@id":"https:\/\/aai.sk\/en\/contact\/","url":"https:\/\/aai.sk\/en\/contact\/","name":"Contact - AAI","isPartOf":{"@id":"https:\/\/aai.sk\/en\/#website"},"datePublished":"2017-05-17T18:05:52+00:00","dateModified":"2025-02-19T10:23:31+00:00","breadcrumb":{"@id":"https:\/\/aai.sk\/en\/contact\/#breadcrumb"},"inLanguage":"en-US","potentialAction":[{"@type":"ReadAction","target":["https:\/\/aai.sk\/en\/contact\/"]}]},{"@type":"BreadcrumbList","@id":"https:\/\/aai.sk\/en\/contact\/#breadcrumb","itemListElement":[{"@type":"ListItem","position":1,"name":"Domovsk\u00e1 str\u00e1nka","item":"https:\/\/aai.sk\/en\/"},{"@type":"ListItem","position":2,"name":"Contact"}]},{"@type":"WebSite","@id":"https:\/\/aai.sk\/en\/#website","url":"https:\/\/aai.sk\/en\/","name":"AAI","description":"","publisher":{"@id":"https:\/\/aai.sk\/en\/#organization"},"potentialAction":[{"@type":"SearchAction","target":{"@type":"EntryPoint","urlTemplate":"https:\/\/aai.sk\/en\/?s={search_term_string}"},"query-input":{"@type":"PropertyValueSpecification","valueRequired":true,"valueName":"search_term_string"}}],"inLanguage":"en-US"},{"@type":"Organization","@id":"https:\/\/aai.sk\/en\/#organization","name":"AAI","url":"https:\/\/aai.sk\/en\/","logo":{"@type":"ImageObject","inLanguage":"en-US","@id":"https:\/\/aai.sk\/en\/#\/schema\/logo\/image\/","url":"https:\/\/aai.sk\/wp-content\/uploads\/2019\/06\/logoblack.png","contentUrl":"https:\/\/aai.sk\/wp-content\/uploads\/2019\/06\/logoblack.png","width":1820,"height":294,"caption":"AAI"},"image":{"@id":"https:\/\/aai.sk\/en\/#\/schema\/logo\/image\/"},"sameAs":["https:\/\/www.facebook.com\/AuthenticAudioImage","https:\/\/www.instagram.com\/authentic.audio.image\/"]}]}},"_links":{"self":[{"href":"https:\/\/aai.sk\/en\/wp-json\/wp\/v2\/pages\/10920","targetHints":{"allow":["GET"]}}],"collection":[{"href":"https:\/\/aai.sk\/en\/wp-json\/wp\/v2\/pages"}],"about":[{"href":"https:\/\/aai.sk\/en\/wp-json\/wp\/v2\/types\/page"}],"author":[{"embeddable":true,"href":"https:\/\/aai.sk\/en\/wp-json\/wp\/v2\/users\/1"}],"replies":[{"embeddable":true,"href":"https:\/\/aai.sk\/en\/wp-json\/wp\/v2\/comments?post=10920"}],"version-history":[{"count":2,"href":"https:\/\/aai.sk\/en\/wp-json\/wp\/v2\/pages\/10920\/revisions"}],"predecessor-version":[{"id":10925,"href":"https:\/\/aai.sk\/en\/wp-json\/wp\/v2\/pages\/10920\/revisions\/10925"}],"wp:attachment":[{"href":"https:\/\/aai.sk\/en\/wp-json\/wp\/v2\/media?parent=10920"}],"curies":[{"name":"wp","href":"https:\/\/api.w.org\/{rel}","templated":true}]}}